{"id":5,"date":"2019-02-19T21:55:18","date_gmt":"2019-02-19T19:55:18","guid":{"rendered":"http:\/\/tuoridistillery.fi\/?page_id=5"},"modified":"2019-02-19T21:55:18","modified_gmt":"2019-02-19T19:55:18","slug":"paasy-kielletty","status":"publish","type":"page","link":"https:\/\/tuoridistillery.fi\/fi\/paasy-kielletty\/","title":{"rendered":"P\u00e4\u00e4sy kielletty"},"content":{"rendered":"<p style=\"text-align:center\">Valitettavasti olet alaik\u00e4inen vierailemaan sivuillamme.<\/p>\n\n\n\n<p style=\"text-align:center\">Kiitos silti k\u00e4ynnist\u00e4!<\/p>","protected":false},"excerpt":{"rendered":"<p>Valitettavasti olet alaik\u00e4inen vierailemaan sivuillamme. Kiitos silti k\u00e4ynnist\u00e4!<\/p>","protected":false},"author":1,"featured_media":0,"parent":0,"menu_order":0,"comment_status":"closed","ping_status":"closed","template":"","meta":{"advanced_seo_description":"","jetpack_seo_html_title":"","jetpack_seo_noindex":false,"footnotes":""},"categories":[],"tags":[],"class_list":["post-5","page","type-page","status-publish","hentry"],"jetpack_sharing_enabled":true,"_links":{"self":[{"href":"https:\/\/tuoridistillery.fi\/fi\/wp-json\/wp\/v2\/pages\/5","targetHints":{"allow":["GET"]}}],"collection":[{"href":"https:\/\/tuoridistillery.fi\/fi\/wp-json\/wp\/v2\/pages"}],"about":[{"href":"https:\/\/tuoridistillery.fi\/fi\/wp-json\/wp\/v2\/types\/page"}],"author":[{"embeddable":true,"href":"https:\/\/tuoridistillery.fi\/fi\/wp-json\/wp\/v2\/users\/1"}],"replies":[{"embeddable":true,"href":"https:\/\/tuoridistillery.fi\/fi\/wp-json\/wp\/v2\/comments?post=5"}],"version-history":[{"count":1,"href":"https:\/\/tuoridistillery.fi\/fi\/wp-json\/wp\/v2\/pages\/5\/revisions"}],"predecessor-version":[{"id":6,"href":"https:\/\/tuoridistillery.fi\/fi\/wp-json\/wp\/v2\/pages\/5\/revisions\/6"}],"wp:attachment":[{"href":"https:\/\/tuoridistillery.fi\/fi\/wp-json\/wp\/v2\/media?parent=5"}],"wp:term":[{"taxonomy":"category","embeddable":true,"href":"https:\/\/tuoridistillery.fi\/fi\/wp-json\/wp\/v2\/categories?post=5"},{"taxonomy":"post_tag","embeddable":true,"href":"https:\/\/tuoridistillery.fi\/fi\/wp-json\/wp\/v2\/tags?post=5"}],"curies":[{"name":"wp","href":"https:\/\/api.w.org\/{rel}","templated":true}]}}